{"id":4796,"date":"2025-06-17T18:12:38","date_gmt":"2025-06-17T18:12:38","guid":{"rendered":"https:\/\/www.ibeteologia.com.br\/site\/?page_id=4796"},"modified":"2026-01-19T13:51:08","modified_gmt":"2026-01-19T13:51:08","slug":"livro-fisico-do","status":"publish","type":"page","link":"https:\/\/www.ibeteologia.com.br\/site\/livro-fisico-do\/","title":{"rendered":"Livro F\u00edsico do B\u00e1sico  &#8211; Combo 1 e Combo 2"},"content":{"rendered":"<p><span style=\"font-family: verdana, geneva, sans-serif;\"><strong><span style=\"color: #3366ff; font-size: 18pt;\">Combo 1 do Curso B\u00e1sico (com taxa de correio)<\/span><br \/>\n<\/strong><\/span><\/p>\n<p><span style=\"font-size: 14pt; font-family: verdana, geneva, sans-serif;\"><strong>Valor do Combo 1 (1 a 8): R$ 185,00&nbsp; &#8211; a vista no PIX ou boleto. Parcelado em at\u00e9 3 x sem juros, (inclu\u00eddo livro f\u00edsico + frete)&nbsp;<\/strong><\/span><\/p>\n\n<div class=\"wpcf7 no-js\" id=\"wpcf7-f5135-o1\" lang=\"pt-BR\" dir=\"ltr\" data-wpcf7-id=\"5135\">\n<div class=\"screen-reader-response\"><p role=\"status\" aria-live=\"polite\" aria-atomic=\"true\"><\/p> <ul><\/ul><\/div>\n<form action=\"\/site\/wp-json\/wp\/v2\/pages\/4796#wpcf7-f5135-o1\" method=\"post\" class=\"wpcf7-form init\" aria-label=\"Formul\u00e1rios de contato\" novalidate=\"novalidate\" data-status=\"init\">\n<fieldset class=\"hidden-fields-container\"><input type=\"hidden\" name=\"_wpcf7\" value=\"5135\" \/><input type=\"hidden\" name=\"_wpcf7_version\" value=\"6.1.4\" \/><input type=\"hidden\" name=\"_wpcf7_locale\" value=\"pt_BR\" \/><input type=\"hidden\" name=\"_wpcf7_unit_tag\" value=\"wpcf7-f5135-o1\" \/><input type=\"hidden\" name=\"_wpcf7_container_post\" value=\"0\" \/><input type=\"hidden\" name=\"_wpcf7_posted_data_hash\" value=\"\" \/>\n<\/fieldset>\n<p><label> Nome<br \/>\n<span class=\"wpcf7-form-control-wrap\" data-name=\"your-name\"><input size=\"40\" maxlength=\"400\" class=\"wpcf7-form-control wpcf7-text wpcf7-validates-as-required\" autocomplete=\"name\" aria-required=\"true\" aria-invalid=\"false\" value=\"\" type=\"text\" name=\"your-name\" \/><\/span> <\/label>\n<\/p>\n<p><label> Endere\u00e7o<br \/>\n<span class=\"wpcf7-form-control-wrap\" data-name=\"your-address\"><input size=\"40\" maxlength=\"400\" class=\"wpcf7-form-control wpcf7-text wpcf7-validates-as-required\" autocomplete=\"address\" aria-required=\"true\" aria-invalid=\"false\" value=\"\" type=\"text\" name=\"your-address\" \/><\/span> <\/label>\n<\/p>\n<p><label> Bairro<br \/>\n<span class=\"wpcf7-form-control-wrap\" data-name=\"your-bairro\"><input size=\"40\" maxlength=\"400\" class=\"wpcf7-form-control wpcf7-text wpcf7-validates-as-required\" autocomplete=\"bairro\" aria-required=\"true\" aria-invalid=\"false\" value=\"\" type=\"text\" name=\"your-bairro\" \/><\/span> <\/label>\n<\/p>\n<p><label> Cidade<br \/>\n<span class=\"wpcf7-form-control-wrap\" data-name=\"your-city\"><input size=\"40\" maxlength=\"400\" class=\"wpcf7-form-control wpcf7-text wpcf7-validates-as-required\" autocomplete=\"city\" aria-required=\"true\" aria-invalid=\"false\" value=\"\" type=\"text\" name=\"your-city\" \/><\/span> <\/label>\n<\/p>\n<p><label> Estado<br \/>\n<select id=\"estado\" name=\"estado\" required>\n <option value=\"\">Selecione<\/option>\n <option value=\"AC\">Acre<\/option>\n <option value=\"AL\">Alagoas<\/option>\n <option value=\"AM\">Amazonas<\/option>\n <option value=\"AP\">Amap\u00e1<\/option>\n <option value=\"BA\">Bahia<\/option>\n <option value=\"CE\">Cear\u00e1<\/option>\n <option value=\"DF\">Distrito Federal<\/option>\n <option value=\"ES\">Esp\u00edrito Santo<\/option>\n <option value=\"GO\">Goi\u00e1s<\/option>\n <option value=\"MA\">Maranh\u00e3o<\/option>\n <option value=\"MT\">Mato Grosso<\/option>\n <option value=\"MS\">Mato Grosso do Sul<\/option>\n <option value=\"MG\">Minas Gerais<\/option>\n <option value=\"PA\">Par\u00e1<\/option>\n <option value=\"PB\">Para\u00edba<\/option>\n <option value=\"PR\">Paran\u00e1<\/option>\n <option value=\"PE\">Pernambuco<\/option>\n <option value=\"PI\">Piau\u00ed<\/option>\n <option value=\"RJ\">Rio de Janeiro<\/option>\n <option value=\"RN\">Rio Grande do Norte<\/option>\n <option value=\"RO\">Rond\u00f4nia<\/option>\n <option value=\"RS\">Rio Grande do Sul<\/option>\n <option value=\"RR\">Roraima<\/option>\n <option value=\"SC\">Santa Catarina<\/option>\n <option value=\"SE\">Sergipe<\/option>\n <option value=\"SP\">S\u00e3o Paulo<\/option>\n <option value=\"TO\">Tocantins<\/option>\n <\/select><br \/>\n<\/label>\n<\/p>\n<p><label> CEP<br \/>\n<span class=\"wpcf7-form-control-wrap\" data-name=\"your-cep\"><input size=\"40\" maxlength=\"400\" class=\"wpcf7-form-control wpcf7-text wpcf7-validates-as-required\" autocomplete=\"cep\" aria-required=\"true\" aria-invalid=\"false\" placeholder=\"00000-000\" value=\"\" type=\"text\" name=\"your-cep\" \/><\/span> <\/label>\n<\/p>\n<p><label> WhatsApp<br \/>\n<span class=\"wpcf7-form-control-wrap\" data-name=\"your-WhatsApp\"><input size=\"40\" maxlength=\"400\" class=\"wpcf7-form-control wpcf7-text wpcf7-validates-as-required\" autocomplete=\"whatsapp\" aria-required=\"true\" aria-invalid=\"false\" placeholder=\"(00) 00000-0000\" value=\"\" type=\"text\" name=\"your-WhatsApp\" \/><\/span> <\/label>\n<\/p>\n<p><label> E-mail<br \/>\n<span class=\"wpcf7-form-control-wrap\" data-name=\"your-email\"><input size=\"40\" maxlength=\"400\" class=\"wpcf7-form-control wpcf7-email wpcf7-validates-as-required wpcf7-text wpcf7-validates-as-email\" autocomplete=\"email\" aria-required=\"true\" aria-invalid=\"false\" value=\"\" type=\"email\" name=\"your-email\" \/><\/span> <\/label>\n<\/p>\n<p><input class=\"wpcf7-form-control wpcf7-submit has-spinner\" type=\"submit\" value=\"Enviar agora minha inscri\u00e7\u00e3o\" \/>\n<\/p><p style=\"display: none !important;\" class=\"akismet-fields-container\" data-prefix=\"_wpcf7_ak_\"><label>&#916;<textarea name=\"_wpcf7_ak_hp_textarea\" cols=\"45\" rows=\"8\" maxlength=\"100\"><\/textarea><\/label><input type=\"hidden\" id=\"ak_js_1\" name=\"_wpcf7_ak_js\" value=\"138\"\/><script>document.getElementById( \"ak_js_1\" ).setAttribute( \"value\", ( new Date() ).getTime() );<\/script><\/p><div class=\"wpcf7-response-output\" aria-hidden=\"true\"><\/div>\n<\/form>\n<\/div>\n\n<p style=\"text-align: center;\"><span style=\"font-size: 14pt; font-family: verdana, geneva, sans-serif;\"><strong>CLIQUE NO BOT\u00c3O ABAIXO PARA FAZER O PAGAMENTO<\/strong><\/span><\/p>\n<p style=\"text-align: center;\">(O bot\u00e3o \u00e9 liberado assim que voc\u00ea enviar o formul\u00e1rio acima com seus dados)<\/p>\n<p>&nbsp;<\/p>\n<p><a href=\"https:\/\/loja.ibecursosonline.com.br\/curso\/livro-basico-combo-1\" target=\"_blank\" rel=\"noopener\"><img loading=\"lazy\" decoding=\"async\" class=\"wp-image-3759 aligncenter\" src=\"https:\/\/www.ibeteologia.com.br\/site\/wp-content\/uploads\/2020\/09\/ibe.png\" alt=\"\" width=\"273\" height=\"75\" srcset=\"https:\/\/www.ibeteologia.com.br\/site\/wp-content\/uploads\/2020\/09\/ibe.png 1048w, https:\/\/www.ibeteologia.com.br\/site\/wp-content\/uploads\/2020\/09\/ibe-300x82.png 300w, https:\/\/www.ibeteologia.com.br\/site\/wp-content\/uploads\/2020\/09\/ibe-1024x281.png 1024w\" sizes=\"auto, (max-width: 273px) 100vw, 273px\" \/><\/a><\/p>\n<hr>\n<p><span style=\"font-family: verdana, geneva, sans-serif; color: #ff0000;\"><strong><span style=\"font-size: 18pt;\">Combo 2 do Curso B\u00e1sico (com taxa de correio)<\/span><\/strong><\/span><\/p>\n<p><span style=\"font-size: 14pt; font-family: verdana, geneva, sans-serif;\"><strong>Valor do Combo 2 (9 a 16): R$ 190,00&nbsp; &#8211; a vista no PIX ou boleto. Parcelado em at\u00e9 3 x sem juros, (inclu\u00eddo livro f\u00edsico + frete) CLIQUE NO BOT\u00c3O ABAIXO<\/strong><\/span><\/p>\n<p><a href=\"https:\/\/loja.ibecursosonline.com.br\/curso\/livros-basico-combo-2\" target=\"_blank\" rel=\"noopener\"><img loading=\"lazy\" decoding=\"async\" class=\"wp-image-3759 aligncenter\" src=\"https:\/\/www.ibeteologia.com.br\/site\/wp-content\/uploads\/2020\/09\/ibe.png\" alt=\"\" width=\"273\" height=\"75\" srcset=\"https:\/\/www.ibeteologia.com.br\/site\/wp-content\/uploads\/2020\/09\/ibe.png 1048w, https:\/\/www.ibeteologia.com.br\/site\/wp-content\/uploads\/2020\/09\/ibe-300x82.png 300w, https:\/\/www.ibeteologia.com.br\/site\/wp-content\/uploads\/2020\/09\/ibe-1024x281.png 1024w\" sizes=\"auto, (max-width: 273px) 100vw, 273px\" \/><\/a><\/p>\n","protected":false},"excerpt":{"rendered":"<p>Combo 1 do Curso B\u00e1sico (com taxa de correio) Valor do Combo 1 (1 a 8): R$ 185,00&nbsp; &#8211; a vista no PIX ou boleto. Parcelado em at\u00e9 3 x sem juros, (inclu\u00eddo livro f\u00edsico + frete)&nbsp; CLIQUE NO BOT\u00c3O ABAIXO PARA FAZER O PAGAMENTO (O bot\u00e3o \u00e9 liberado assim que voc\u00ea enviar o formul\u00e1rio [&hellip;]<\/p>\n","protected":false},"author":3,"featured_media":0,"parent":0,"menu_order":0,"comment_status":"closed","ping_status":"closed","template":"","meta":{"ngg_post_thumbnail":0,"footnotes":""},"class_list":["post-4796","page","type-page","status-publish","hentry"],"_links":{"self":[{"href":"https:\/\/www.ibeteologia.com.br\/site\/wp-json\/wp\/v2\/pages\/4796","targetHints":{"allow":["GET"]}}],"collection":[{"href":"https:\/\/www.ibeteologia.com.br\/site\/wp-json\/wp\/v2\/pages"}],"about":[{"href":"https:\/\/www.ibeteologia.com.br\/site\/wp-json\/wp\/v2\/types\/page"}],"author":[{"embeddable":true,"href":"https:\/\/www.ibeteologia.com.br\/site\/wp-json\/wp\/v2\/users\/3"}],"replies":[{"embeddable":true,"href":"https:\/\/www.ibeteologia.com.br\/site\/wp-json\/wp\/v2\/comments?post=4796"}],"version-history":[{"count":20,"href":"https:\/\/www.ibeteologia.com.br\/site\/wp-json\/wp\/v2\/pages\/4796\/revisions"}],"predecessor-version":[{"id":5295,"href":"https:\/\/www.ibeteologia.com.br\/site\/wp-json\/wp\/v2\/pages\/4796\/revisions\/5295"}],"wp:attachment":[{"href":"https:\/\/www.ibeteologia.com.br\/site\/wp-json\/wp\/v2\/media?parent=4796"}],"curies":[{"name":"wp","href":"https:\/\/api.w.org\/{rel}","templated":true}]}}