{"id":3604,"date":"2020-04-09T20:34:40","date_gmt":"2020-04-09T20:34:40","guid":{"rendered":"https:\/\/www.ibeteologia.com.br\/site\/?page_id=3604"},"modified":"2026-03-02T13:18:29","modified_gmt":"2026-03-02T13:18:29","slug":"curso-basico-ead-ibe","status":"publish","type":"page","link":"https:\/\/www.ibeteologia.com.br\/site\/curso-basico-ead-ibe\/","title":{"rendered":"Curso B\u00e1sico EAD (ensino \u00e0 dist\u00e2ncia)"},"content":{"rendered":"<p><img loading=\"lazy\" decoding=\"async\" class=\"wp-image-4647 aligncenter\" src=\"https:\/\/www.ibeteologia.com.br\/site\/wp-content\/uploads\/2025\/04\/3-1.png\" alt=\"\" width=\"624\" height=\"117\" srcset=\"https:\/\/www.ibeteologia.com.br\/site\/wp-content\/uploads\/2025\/04\/3-1.png 800w, https:\/\/www.ibeteologia.com.br\/site\/wp-content\/uploads\/2025\/04\/3-1-300x56.png 300w, https:\/\/www.ibeteologia.com.br\/site\/wp-content\/uploads\/2025\/04\/3-1-768x144.png 768w\" sizes=\"auto, (max-width: 624px) 100vw, 624px\" \/><\/p>\n<p><strong>Preencha seus dados para fazer sua inscri\u00e7\u00e3o<\/strong><\/p>\n\n<div class=\"wpcf7 no-js\" id=\"wpcf7-f5131-o1\" lang=\"pt-BR\" dir=\"ltr\" data-wpcf7-id=\"5131\">\n<div class=\"screen-reader-response\"><p role=\"status\" aria-live=\"polite\" aria-atomic=\"true\"><\/p> <ul><\/ul><\/div>\n<form action=\"\/site\/wp-json\/wp\/v2\/pages\/3604#wpcf7-f5131-o1\" method=\"post\" class=\"wpcf7-form init\" aria-label=\"Formul\u00e1rios de contato\" novalidate=\"novalidate\" data-status=\"init\">\n<fieldset class=\"hidden-fields-container\"><input type=\"hidden\" name=\"_wpcf7\" value=\"5131\" \/><input type=\"hidden\" name=\"_wpcf7_version\" value=\"6.1.4\" \/><input type=\"hidden\" name=\"_wpcf7_locale\" value=\"pt_BR\" \/><input type=\"hidden\" name=\"_wpcf7_unit_tag\" value=\"wpcf7-f5131-o1\" \/><input type=\"hidden\" name=\"_wpcf7_container_post\" value=\"0\" \/><input type=\"hidden\" name=\"_wpcf7_posted_data_hash\" value=\"\" \/>\n<\/fieldset>\n<p><label> Nome<br \/>\n<span class=\"wpcf7-form-control-wrap\" data-name=\"your-name\"><input size=\"40\" maxlength=\"400\" class=\"wpcf7-form-control wpcf7-text wpcf7-validates-as-required\" autocomplete=\"name\" aria-required=\"true\" aria-invalid=\"false\" value=\"\" type=\"text\" name=\"your-name\" \/><\/span> <\/label>\n<\/p>\n<p><label> Endere\u00e7o<br \/>\n<span class=\"wpcf7-form-control-wrap\" data-name=\"your-address\"><input size=\"40\" maxlength=\"400\" class=\"wpcf7-form-control wpcf7-text wpcf7-validates-as-required\" autocomplete=\"address\" aria-required=\"true\" aria-invalid=\"false\" value=\"\" type=\"text\" name=\"your-address\" \/><\/span> <\/label>\n<\/p>\n<p><label> Bairro<br \/>\n<span class=\"wpcf7-form-control-wrap\" data-name=\"your-bairro\"><input size=\"40\" maxlength=\"400\" class=\"wpcf7-form-control wpcf7-text wpcf7-validates-as-required\" autocomplete=\"bairro\" aria-required=\"true\" aria-invalid=\"false\" value=\"\" type=\"text\" name=\"your-bairro\" \/><\/span> <\/label>\n<\/p>\n<p><label> Cidade<br \/>\n<span class=\"wpcf7-form-control-wrap\" data-name=\"your-city\"><input size=\"40\" maxlength=\"400\" class=\"wpcf7-form-control wpcf7-text wpcf7-validates-as-required\" autocomplete=\"city\" aria-required=\"true\" aria-invalid=\"false\" value=\"\" type=\"text\" name=\"your-city\" \/><\/span> <\/label>\n<\/p>\n<p><label> Estado<br \/>\n<select id=\"estado\" name=\"estado\" required>\n <option value=\"\">Selecione<\/option>\n <option value=\"AC\">Acre<\/option>\n <option value=\"AL\">Alagoas<\/option>\n <option value=\"AM\">Amazonas<\/option>\n <option value=\"AP\">Amap\u00e1<\/option>\n <option value=\"BA\">Bahia<\/option>\n <option value=\"CE\">Cear\u00e1<\/option>\n <option value=\"DF\">Distrito Federal<\/option>\n <option value=\"ES\">Esp\u00edrito Santo<\/option>\n <option value=\"GO\">Goi\u00e1s<\/option>\n <option value=\"MA\">Maranh\u00e3o<\/option>\n <option value=\"MT\">Mato Grosso<\/option>\n <option value=\"MS\">Mato Grosso do Sul<\/option>\n <option value=\"MG\">Minas Gerais<\/option>\n <option value=\"PA\">Par\u00e1<\/option>\n <option value=\"PB\">Para\u00edba<\/option>\n <option value=\"PR\">Paran\u00e1<\/option>\n <option value=\"PE\">Pernambuco<\/option>\n <option value=\"PI\">Piau\u00ed<\/option>\n <option value=\"RJ\">Rio de Janeiro<\/option>\n <option value=\"RN\">Rio Grande do Norte<\/option>\n <option value=\"RO\">Rond\u00f4nia<\/option>\n <option value=\"RS\">Rio Grande do Sul<\/option>\n <option value=\"RR\">Roraima<\/option>\n <option value=\"SC\">Santa Catarina<\/option>\n <option value=\"SE\">Sergipe<\/option>\n <option value=\"SP\">S\u00e3o Paulo<\/option>\n <option value=\"TO\">Tocantins<\/option>\n <\/select><br \/>\n<\/label>\n<\/p>\n<p><label> CEP<br \/>\n<span class=\"wpcf7-form-control-wrap\" data-name=\"your-cep\"><input size=\"40\" maxlength=\"400\" class=\"wpcf7-form-control wpcf7-text wpcf7-validates-as-required\" autocomplete=\"cep\" aria-required=\"true\" aria-invalid=\"false\" placeholder=\"00000-000\" value=\"\" type=\"text\" name=\"your-cep\" \/><\/span> <\/label>\n<\/p>\n<p><label> WhatsApp<br \/>\n<span class=\"wpcf7-form-control-wrap\" data-name=\"your-WhatsApp\"><input size=\"40\" maxlength=\"400\" class=\"wpcf7-form-control wpcf7-text wpcf7-validates-as-required\" autocomplete=\"whatsapp\" aria-required=\"true\" aria-invalid=\"false\" placeholder=\"(00) 00000-0000\" value=\"\" type=\"text\" name=\"your-WhatsApp\" \/><\/span> <\/label>\n<\/p>\n<p><label> E-mail<br \/>\n<span class=\"wpcf7-form-control-wrap\" data-name=\"your-email\"><input size=\"40\" maxlength=\"400\" class=\"wpcf7-form-control wpcf7-email wpcf7-validates-as-required wpcf7-text wpcf7-validates-as-email\" autocomplete=\"email\" aria-required=\"true\" aria-invalid=\"false\" value=\"\" type=\"email\" name=\"your-email\" \/><\/span> <\/label>\n<\/p>\n<p><label><br \/>\nCarta de Compromisso do(a) Aluno(a)<br \/>\nComo aluno(a) do Curso de Teologia oferecido pelo Instituto B\u00edblico de<br \/>\nEnsino (IBE), declaro meu compromisso sincero com os estudos, reconhecendo a seriedade e a responsabilidade do aprendizado teol\u00f3gico.<br \/>\nCompreendo que o estudo da teologia \u00e9 mais do que uma busca por conhecimento: \u00e9 um chamado \u00e0 maturidade espiritual, \u00e0 piedade e ao servi\u00e7o fiel \u00e0 verdade b\u00edblica. Vivemos tempos de confus\u00e3o doutrin\u00e1ria, em que muitas vozes competem pela aten\u00e7\u00e3o das igrejas. Por isso, comprometo-me a estudar com dedica\u00e7\u00e3o, sabendo que a teologia me ajudar\u00e1 a discernir o verdadeiro ensino das Escrituras e a responder com sabedoria e humildade aos desafios da f\u00e9 crist\u00e3.<br \/>\nComprometo-me a:<br \/>\n\u2022 Estudar com humildade, ora\u00e7\u00e3o e dedica\u00e7\u00e3o;<br \/>\n\u2022 Participar das aulas semanais com pontualidade e respeito;<br \/>\n\u2022 Preparar os exerc\u00edcios e avalia\u00e7\u00f5es com seriedade;<br \/>\n\u2022 Buscar crescer em conhecimento e piedade, servindo melhor ao Reino<br \/>\nde Deus<br \/>\nEntendo que este curso \u00e9 uma ferramenta para discernir a verdade b\u00edblica<br \/>\ne viver de forma que agrade ao Senhor.<br \/>\n<\/label><br \/>\n<span class=\"wpcf7-form-control-wrap\" data-name=\"checkbox-11\"><span class=\"wpcf7-form-control wpcf7-checkbox wpcf7-validates-as-required\"><span class=\"wpcf7-list-item first last\"><label><input type=\"checkbox\" name=\"checkbox-11[]\" value=\"Li e estou ciente\" \/><span class=\"wpcf7-list-item-label\">Li e estou ciente<\/span><\/label><\/span><\/span><\/span>\n<\/p>\n<p><input class=\"wpcf7-form-control wpcf7-submit has-spinner\" type=\"submit\" value=\"Enviar agora minha inscri\u00e7\u00e3o\" \/>\n<\/p><p style=\"display: none !important;\" class=\"akismet-fields-container\" data-prefix=\"_wpcf7_ak_\"><label>&#916;<textarea name=\"_wpcf7_ak_hp_textarea\" cols=\"45\" rows=\"8\" maxlength=\"100\"><\/textarea><\/label><input type=\"hidden\" id=\"ak_js_1\" name=\"_wpcf7_ak_js\" value=\"153\"\/><script>document.getElementById( \"ak_js_1\" ).setAttribute( \"value\", ( new Date() ).getTime() );<\/script><\/p><div class=\"wpcf7-response-output\" aria-hidden=\"true\"><\/div>\n<\/form>\n<\/div>\n\n<p style=\"text-align: center;\"><span style=\"font-size: 18pt; font-family: verdana, geneva, sans-serif; color: #ff0000;\"><strong>CLIQUE NO BOT\u00c3O ABAIXO PARA FAZER O PAGAMENTO<\/strong><\/span><\/p>\n<p style=\"text-align: center;\"><strong><span style=\"color: #ff0000; font-size: 18pt; font-family: verdana, geneva, sans-serif;\">VALOR POR DISCIPLINA <span style=\"color: #008000;\"><span style=\"color: #000000;\"><span style=\"font-size: 18pt; font-family: verdana, geneva, sans-serif;\">R$35,00<\/span><\/span><\/span><\/span><\/strong><\/p>\n<p style=\"text-align: center;\"><span style=\"color: #008000;\"><span style=\"color: #000000;\">(pagamento no boleto, cart\u00e3o de cr\u00e9dito, debito ou PIX) \/ IBE trabalha com o Banco digital&nbsp; ASAAS.<\/span><\/span><\/p>\n<p><a class=\"inscricao-link\" href=\"https:\/\/loja.ibecursosonline.com.br\/curso\/01-bibliologia-e-teologia-propria\" target=\"_blank\" rel=\"noopener\"><img loading=\"lazy\" decoding=\"async\" class=\"aligncenter wp-image-3759\" src=\"https:\/\/www.ibeteologia.com.br\/site\/wp-content\/uploads\/2020\/09\/ibe.png\" alt=\"\" width=\"273\" height=\"75\" srcset=\"https:\/\/www.ibeteologia.com.br\/site\/wp-content\/uploads\/2020\/09\/ibe.png 1048w, https:\/\/www.ibeteologia.com.br\/site\/wp-content\/uploads\/2020\/09\/ibe-300x82.png 300w, https:\/\/www.ibeteologia.com.br\/site\/wp-content\/uploads\/2020\/09\/ibe-1024x281.png 1024w\" sizes=\"auto, (max-width: 273px) 100vw, 273px\" \/><\/a><\/p>\n<p>&nbsp;<\/p>\n<p><strong><span style=\"color: #ff0000;\">COMO FUNCIONA A INSCRI\u00c7\u00c3O?<\/span><\/strong><\/p>\n<p style=\"text-align: left;\" data-start=\"179\" data-end=\"660\">Ao clicar no link acima e efetuar o pagamento, voc\u00ea estar\u00e1 se inscrevendo na DISCIPLINA 01 (Teologia Sistem\u00e1tica I). Depois da inscri\u00e7\u00e3o, voc\u00ea deve receber um <em>e-mail com login e senha<\/em> para o acesso \u00e0 plataforma do curso! O link para inscri\u00e7\u00e3o na DISCIPLINA 02 ser\u00e1 liberado ap\u00f3s o aluno finalizar a DISCIPLINA 01 &#8211; e, assim, sucessivamente.<\/p>\n<p style=\"text-align: left;\" data-start=\"179\" data-end=\"660\">Link do portal do aluno: <a href=\"https:\/\/ibecursosonline.com.br\/\">http:\/\/ibecursosonline.com.br&nbsp;<\/a><\/p>\n<h1 class=\"vw-page-title\"><span style=\"color: #000080;\">Como adquirir os Livros do B\u00e1sico?<\/span><\/h1>\n<ul>\n<li>Clique no link abaixo e realize o pagamento.&nbsp;<em>Ap\u00f3s isso, voc\u00ea recebera pelo correio<\/em><\/li>\n<\/ul>\n<p><a class=\"inscricao-link2\" title=\"https:\/\/www.ibeteologia.com.br\/site\/livro-fisico-do\/\" href=\"https:\/\/www.ibeteologia.com.br\/site\/livro-fisico-do\/\"><img loading=\"lazy\" decoding=\"async\" class=\"alignleft wp-image-3759\" src=\"https:\/\/www.ibeteologia.com.br\/site\/wp-content\/uploads\/2020\/09\/ibe.png\" alt=\"\" width=\"273\" height=\"75\" srcset=\"https:\/\/www.ibeteologia.com.br\/site\/wp-content\/uploads\/2020\/09\/ibe.png 1048w, https:\/\/www.ibeteologia.com.br\/site\/wp-content\/uploads\/2020\/09\/ibe-300x82.png 300w, https:\/\/www.ibeteologia.com.br\/site\/wp-content\/uploads\/2020\/09\/ibe-1024x281.png 1024w\" sizes=\"auto, (max-width: 273px) 100vw, 273px\" \/><\/a><\/p>\n<h1>&nbsp;<\/h1>\n<p>&nbsp;<\/p>\n<h1 class=\"vw-page-title\"><span style=\"color: #993300;\">Livro \u201cGuia Pratico do Curso B\u00e1sico em Teologia\u201d<\/span><\/h1>\n<div id=\"yui_3_18_1_1_1750874939727_322\" class=\"entry-content\">\n<h4 id=\"yui_3_18_1_1_1750874939727_321\" class=\"entry-meta\">Clique no link abaixo e adquira agora o Livro:<\/h4>\n<table style=\"border-collapse: collapse; width: 60.1885%;\">\n<tbody>\n<tr>\n<td style=\"width: 36.9929%;\"><span style=\"font-size: 18pt;\"><span style=\"font-family: verdana, geneva, sans-serif;\">Receba pelo Correio&nbsp; \u2013<\/span> <span style=\"font-family: verdana, geneva, sans-serif;\"><strong>R$ 40,00<\/strong><\/span><\/span><\/td>\n<td style=\"width: 23.1956%;\"><strong><a class=\"inscricao-link3\" title=\"https:\/\/www.ibeteologia.com.br\/site\/livro-fisico-do\/\" href=\"https:\/\/www.ibeteologia.com.br\/site\/livro-guia-pratico-do-curso-basico-em-teologia\/\" target=\"_blank\" rel=\"noopener\"><img loading=\"lazy\" decoding=\"async\" class=\"alignleft wp-image-3759\" src=\"https:\/\/www.ibeteologia.com.br\/site\/wp-content\/uploads\/2020\/09\/ibe.png\" alt=\"\" width=\"273\" height=\"75\" srcset=\"https:\/\/www.ibeteologia.com.br\/site\/wp-content\/uploads\/2020\/09\/ibe.png 1048w, https:\/\/www.ibeteologia.com.br\/site\/wp-content\/uploads\/2020\/09\/ibe-300x82.png 300w, https:\/\/www.ibeteologia.com.br\/site\/wp-content\/uploads\/2020\/09\/ibe-1024x281.png 1024w\" sizes=\"auto, (max-width: 273px) 100vw, 273px\" \/><\/a><\/strong><\/td>\n<\/tr>\n<\/tbody>\n<\/table>\n<p><img loading=\"lazy\" decoding=\"async\" class=\"alignnone wp-image-4725\" src=\"https:\/\/www.ibeteologia.com.br\/site\/wp-content\/uploads\/2025\/06\/Capa-site-IBE-800-x-150-px.png\" alt=\"\" width=\"731\" height=\"137\" srcset=\"https:\/\/www.ibeteologia.com.br\/site\/wp-content\/uploads\/2025\/06\/Capa-site-IBE-800-x-150-px.png 800w, https:\/\/www.ibeteologia.com.br\/site\/wp-content\/uploads\/2025\/06\/Capa-site-IBE-800-x-150-px-300x56.png 300w, https:\/\/www.ibeteologia.com.br\/site\/wp-content\/uploads\/2025\/06\/Capa-site-IBE-800-x-150-px-768x144.png 768w\" sizes=\"auto, (max-width: 731px) 100vw, 731px\" \/><\/p>\n<p><strong style=\"font-family: verdana, geneva, sans-serif;\">Ficou com alguma d\u00favida? Entre em contato conosco:<\/strong><\/p>\n<\/div>\n<p><span style=\"font-family: verdana, geneva, sans-serif;\">ibeteologia@gmail.com&nbsp; \/&nbsp; ead@ibeteologia.com.br<\/span><\/p>\n<p><span style=\"font-family: verdana, geneva, sans-serif;\">(51) 3387.1161&nbsp; \/ (51) 98908-6987&nbsp;<img loading=\"lazy\" decoding=\"async\" class=\"alignnone wp-image-3863\" src=\"https:\/\/www.ibeteologia.com.br\/site\/wp-content\/uploads\/2020\/04\/whatsapp-logo-1-1-e1605670258351.png\" alt=\"whatsapp-logo-1-1\" width=\"25\" height=\"25\"><\/span><\/p>\n<p style=\"text-align: left;\" data-start=\"179\" data-end=\"660\"><strong><span style=\"color: #ff0000;\">SOBRE O CURSO B\u00c1SICO EAD:<\/span><\/strong><\/p>\n<p class=\"\" style=\"text-align: left;\" data-start=\"179\" data-end=\"660\"><strong data-start=\"179\" data-end=\"218\">O Instituto B\u00edblico Esperan\u00e7a \u2013 IBE<\/strong> convida voc\u00ea a dar o primeiro passo em sua jornada no estudo da <strong data-start=\"283\" data-end=\"307\">Teologia Pentecostal<\/strong>, por meio do nosso completo <strong data-start=\"336\" data-end=\"364\">Curso B\u00e1sico em Teologia &#8211;&nbsp;<\/strong>100% na modalidade EAD. O Curso \u00e9 reconhecido pelos <strong>Conselhos de Educa\u00e7\u00e3o e Cultura da<\/strong>&nbsp;<strong data-start=\"407\" data-end=\"468\">Conven\u00e7\u00e3o Geral das Assembleias de Deus no Brasil (CGADB)<\/strong> e pela <strong data-start=\"476\" data-end=\"555\">Conven\u00e7\u00e3o de Igrejas e Pastores do Estado do Rio Grande do Sul (CIEPADERGS).<\/strong> O&nbsp;IBE \u00e9 refer\u00eancia nacional na forma\u00e7\u00e3o de obreiros, mantendo viva a tradi\u00e7\u00e3o e a doutrina pentecostal.<\/p>\n<p class=\"\" style=\"text-align: left;\" data-start=\"662\" data-end=\"961\">Nosso curso \u00e9 voltado para todos que desejam conhecer mais profundamente a Palavra de Deus sob a \u00f3tica da <strong data-start=\"768\" data-end=\"801\">teologia pentecostal cl\u00e1ssica<\/strong>. Ele \u00e9 a base ideal para quem busca crescimento espiritual, preparo ministerial e uma f\u00e9 fortalecida pela compreens\u00e3o b\u00edblica e pela atua\u00e7\u00e3o do Esp\u00edrito Santo.<\/p>\n<p style=\"text-align: left;\" data-start=\"662\" data-end=\"961\">O curso tem dura\u00e7\u00e3o de 16 meses. Carga hor\u00e1ria = 768 horas.<\/p>\n<p style=\"text-align: left;\"><span style=\"color: #ff0000;\"><strong>VANTAGENS EXCLUSIVAS:<\/strong><\/span><\/p>\n<ul style=\"text-align: left;\">\n<li>F\u00e1cil acesso<\/li>\n<li>Sistema de Tutoria<\/li>\n<li>Sistema totalizando 16 unidades de estudo<\/li>\n<li>Sem custo de deslocamento<\/li>\n<li>Flexibilidade<\/li>\n<li>Certificado de conclus\u00e3o<\/li>\n<\/ul>\n<p style=\"text-align: left;\"><span style=\"color: #800000;\">PR\u00c9-REQUISITO PARA INSCRI\u00c7\u00c3O:<\/span><\/p>\n<ul style=\"text-align: left;\">\n<li>Idade m\u00ednima de 15 anos completos<\/li>\n<li>Ser membro de uma igreja evang\u00e9lica<\/li>\n<\/ul>\n<p style=\"color: #222222; text-align: left;\"><span style=\"color: #800000;\">METODOLOGIA DE ENSINO =&nbsp;<\/span>Estudo dirigido e pesquisa \u00e0 dist\u00e2ncia, utilizando o livro did\u00e1tico em PDF e assistindo \u00e0s videoaulas.<\/p>\n<p style=\"text-align: left;\"><span style=\"color: #800000;\">AVALIA\u00c7\u00d5ES =&nbsp;<\/span>As avalia\u00e7\u00f5es ser\u00e3o realizadas atrav\u00e9s de Provas Objetivas Mensais Online (4 provas por disciplina).<\/p>\n<p style=\"text-align: left;\"><span style=\"color: #800000;\">TUTOR EAD =&nbsp;<\/span>O Tutor \u00e0 Dist\u00e2ncia auxilia o aluno no processo de aprendizagem, atendendo o aluno quando surgirem dificuldades, tirando d\u00favidas, facilitando informa\u00e7\u00f5es e auxiliando no acesso \u00e0 ferramenta.<\/p>\n<p style=\"text-align: left;\"><span style=\"color: #800000;\">CERTIFICADO =&nbsp;<\/span>O aluno receber\u00e1 ao final do curso o Certificado de Conclus\u00e3o do Curso B\u00e1sico em Teologia (+ taxa do Correio para envio).<\/p>\n<h3 class=\"m_title\" style=\"text-align: left;\"><span style=\"color: #800000;\">GRADE CURRICULAR:<br \/>\n<\/span><\/h3>\n<p style=\"text-align: left;\"><img loading=\"lazy\" decoding=\"async\" class=\"alignnone size-large wp-image-5307\" src=\"https:\/\/www.ibeteologia.com.br\/site\/wp-content\/uploads\/2026\/01\/Curriculo-do-Basico-1024x618.png\" alt=\"\" width=\"640\" height=\"386\" srcset=\"https:\/\/www.ibeteologia.com.br\/site\/wp-content\/uploads\/2026\/01\/Curriculo-do-Basico-1024x618.png 1024w, https:\/\/www.ibeteologia.com.br\/site\/wp-content\/uploads\/2026\/01\/Curriculo-do-Basico-300x181.png 300w, https:\/\/www.ibeteologia.com.br\/site\/wp-content\/uploads\/2026\/01\/Curriculo-do-Basico-768x464.png 768w, https:\/\/www.ibeteologia.com.br\/site\/wp-content\/uploads\/2026\/01\/Curriculo-do-Basico-240x145.png 240w, https:\/\/www.ibeteologia.com.br\/site\/wp-content\/uploads\/2026\/01\/Curriculo-do-Basico.png 1244w\" sizes=\"auto, (max-width: 640px) 100vw, 640px\" \/><\/p>\n<p style=\"text-align: left;\"><em>Nossos cursos s\u00e3o livres e t\u00eam como Base Legal o Decreto Presidencial N\u00ba 5,154, de 23 julho de 2004, Art. 1\u00ba e 3\u00ba e PORTARIA Nr 008 de 25\/06\/2006 publicado no DIARIO OFICIAL \u2013 SC \u2013 N\u00ba 16.935 de 27 de junho de 2002.<\/em><\/p>\n<p style=\"text-align: left;\"><em>Curso Livre \u2013 Lei N\u00ba 9.394\/96 \u2013 Diretrizes e Bases da Educa\u00e7\u00e3o Nacional, Decreto N\u00ba 5.154\/04 e a Delibera\u00e7\u00e3o CEE 14\/97 citam que os cursos chamados \u201cLivres\u201d n\u00e3o necessitam de pr\u00e9via autoriza\u00e7\u00e3o para funcionamento e nem de posterior reconhecimento do Conselho de Educa\u00e7\u00e3o competente.<\/em><\/p>\n<p style=\"text-align: left;\"><strong>Aplicativo EAD =&nbsp;<\/strong>Ap\u00f3s a inscri\u00e7\u00e3o, voc\u00ea poder\u00e1 utilizar o aplicativo para realizar o curso EAD. \u00c9 s\u00f3 pesquisar &#8220;Moodle&#8221; na sua loja de aplicativos e entrar com o site&nbsp;<a href=\"http:\/\/ibecursosonline.com.br\">http:\/\/ibecursosonline.com.br<\/a><\/p>\n<p style=\"text-align: left;\"><a href=\"https:\/\/apps.apple.com\/app\/moodle-mobile\/id633359593?platform=iphone\" target=\"_blank\" rel=\"noopener\"><img loading=\"lazy\" decoding=\"async\" class=\"wp-image-4048 alignleft\" src=\"https:\/\/www.ibeteologia.com.br\/site\/wp-content\/uploads\/2020\/04\/Cursos-online-IBE_app-store.png\" alt=\"Cursos online IBE_app-store\" width=\"226\" height=\"76\" srcset=\"https:\/\/www.ibeteologia.com.br\/site\/wp-content\/uploads\/2020\/04\/Cursos-online-IBE_app-store.png 342w, https:\/\/www.ibeteologia.com.br\/site\/wp-content\/uploads\/2020\/04\/Cursos-online-IBE_app-store-300x100.png 300w\" sizes=\"auto, (max-width: 226px) 100vw, 226px\" \/><\/a> <a href=\"https:\/\/play.google.com\/store\/apps\/details?id=com.moodle.moodlemobile\" target=\"_blank\" rel=\"noopener\"><img loading=\"lazy\" decoding=\"async\" class=\"wp-image-4049 alignleft\" src=\"https:\/\/www.ibeteologia.com.br\/site\/wp-content\/uploads\/2020\/04\/Cursos-online-IBE_Google-Play.jpg\" alt=\"Cursos online IBE_Google Play\" width=\"212\" height=\"75\" srcset=\"https:\/\/www.ibeteologia.com.br\/site\/wp-content\/uploads\/2020\/04\/Cursos-online-IBE_Google-Play.jpg 330w, https:\/\/www.ibeteologia.com.br\/site\/wp-content\/uploads\/2020\/04\/Cursos-online-IBE_Google-Play-300x106.jpg 300w\" sizes=\"auto, (max-width: 212px) 100vw, 212px\" \/><\/a><\/p>\n<p style=\"text-align: left;\"><img loading=\"lazy\" decoding=\"async\" class=\"wp-image-4581 alignleft\" src=\"https:\/\/www.ibeteologia.com.br\/site\/wp-content\/uploads\/2025\/04\/Moodle-Logo.wine_-1024x683.png\" alt=\"\" width=\"138\" height=\"92\"><\/p>\n<p><img loading=\"lazy\" decoding=\"async\" class=\"wp-image-4932 alignleft\" src=\"https:\/\/www.ibeteologia.com.br\/site\/wp-content\/uploads\/2025\/09\/logo-Asaas_Azul-1024x300.png\" alt=\"\" width=\"116\" height=\"34\" srcset=\"https:\/\/www.ibeteologia.com.br\/site\/wp-content\/uploads\/2025\/09\/logo-Asaas_Azul-1024x300.png 1024w, https:\/\/www.ibeteologia.com.br\/site\/wp-content\/uploads\/2025\/09\/logo-Asaas_Azul-300x88.png 300w, https:\/\/www.ibeteologia.com.br\/site\/wp-content\/uploads\/2025\/09\/logo-Asaas_Azul-768x225.png 768w\" sizes=\"auto, (max-width: 116px) 100vw, 116px\" \/><\/p>\n<div id=\"gtx-trans\" style=\"position: absolute; left: 327px; top: 539.156px;\">&nbsp;<\/div>\n","protected":false},"excerpt":{"rendered":"<p>Preencha seus dados para fazer sua inscri\u00e7\u00e3o CLIQUE NO BOT\u00c3O ABAIXO PARA FAZER O PAGAMENTO VALOR POR DISCIPLINA R$35,00 (pagamento no boleto, cart\u00e3o de cr\u00e9dito, debito ou PIX) \/ IBE trabalha com o Banco digital&nbsp; ASAAS. &nbsp; COMO FUNCIONA A INSCRI\u00c7\u00c3O? Ao clicar no link acima e efetuar o pagamento, voc\u00ea estar\u00e1 se inscrevendo na [&hellip;]<\/p>\n","protected":false},"author":3,"featured_media":0,"parent":0,"menu_order":0,"comment_status":"closed","ping_status":"closed","template":"","meta":{"ngg_post_thumbnail":0,"footnotes":""},"class_list":["post-3604","page","type-page","status-publish","hentry"],"_links":{"self":[{"href":"https:\/\/www.ibeteologia.com.br\/site\/wp-json\/wp\/v2\/pages\/3604","targetHints":{"allow":["GET"]}}],"collection":[{"href":"https:\/\/www.ibeteologia.com.br\/site\/wp-json\/wp\/v2\/pages"}],"about":[{"href":"https:\/\/www.ibeteologia.com.br\/site\/wp-json\/wp\/v2\/types\/page"}],"author":[{"embeddable":true,"href":"https:\/\/www.ibeteologia.com.br\/site\/wp-json\/wp\/v2\/users\/3"}],"replies":[{"embeddable":true,"href":"https:\/\/www.ibeteologia.com.br\/site\/wp-json\/wp\/v2\/comments?post=3604"}],"version-history":[{"count":133,"href":"https:\/\/www.ibeteologia.com.br\/site\/wp-json\/wp\/v2\/pages\/3604\/revisions"}],"predecessor-version":[{"id":5327,"href":"https:\/\/www.ibeteologia.com.br\/site\/wp-json\/wp\/v2\/pages\/3604\/revisions\/5327"}],"wp:attachment":[{"href":"https:\/\/www.ibeteologia.com.br\/site\/wp-json\/wp\/v2\/media?parent=3604"}],"curies":[{"name":"wp","href":"https:\/\/api.w.org\/{rel}","templated":true}]}}